{"id":73900,"date":"2018-02-23T17:42:53","date_gmt":"2018-02-23T16:42:53","guid":{"rendered":"http:\/\/www.gitekalinka.fr\/le-gite-kalinka\/facilities\/"},"modified":"2023-01-30T15:34:14","modified_gmt":"2023-01-30T14:34:14","slug":"gerate-einrichtung","status":"publish","type":"page","link":"https:\/\/www.gitekalinka.fr\/de\/le-gite-kalinka\/gerate-einrichtung\/","title":{"rendered":"Ger\u00e4te &#038; Einrichtung"},"content":{"rendered":"<div class=\"wpb-content-wrapper\"><p>[vc_row row_height_percent=&#8220;0&#8243; override_padding=&#8220;yes&#8220; h_padding=&#8220;2&#8243; top_padding=&#8220;0&#8243; bottom_padding=&#8220;0&#8243; overlay_alpha=&#8220;50&#8243; gutter_size=&#8220;3&#8243; column_width_percent=&#8220;100&#8243; shift_y=&#8220;0&#8243; z_index=&#8220;0&#8243;][vc_column column_width_percent=&#8220;100&#8243; gutter_size=&#8220;3&#8243; override_padding=&#8220;yes&#8220; column_padding=&#8220;3&#8243; back_color=&#8220;color-xsdn&#8220; overlay_alpha=&#8220;50&#8243; shift_x=&#8220;0&#8243; shift_y=&#8220;-4&#8243; shift_y_fixed=&#8220;yes&#8220; shift_y_down=&#8220;0&#8243; z_index=&#8220;0&#8243; medium_width=&#8220;0&#8243; mobile_width=&#8220;0&#8243; width=&#8220;1\/1&#8243;][vc_row_inner row_inner_height_percent=&#8220;0&#8243; overlay_alpha=&#8220;50&#8243; equal_height=&#8220;yes&#8220; gutter_size=&#8220;0&#8243; shift_y=&#8220;0&#8243;][vc_column_inner column_width_percent=&#8220;100&#8243; position_vertical=&#8220;middle&#8220; align_horizontal=&#8220;align_right&#8220; gutter_size=&#8220;3&#8243; override_padding=&#8220;yes&#8220; column_padding=&#8220;2&#8243; overlay_alpha=&#8220;50&#8243; border_color=&#8220;color-gyho&#8220; border_style=&#8220;solid&#8220; shift_x=&#8220;0&#8243; shift_y=&#8220;0&#8243; shift_y_down=&#8220;0&#8243; z_index=&#8220;0&#8243; medium_width=&#8220;2&#8243; align_mobile=&#8220;align_center_mobile&#8220; mobile_width=&#8220;0&#8243; width=&#8220;3\/12&#8243; css=&#8220;.vc_custom_1495102345881{border-right-width: 1px !important;}&#8220;][vc_custom_heading text_color=&#8220;color-wvjs&#8220; heading_semantic=&#8220;h3&#8243; text_size=&#8220;h3&#8243; text_weight=&#8220;600&#8243; text_transform=&#8220;uppercase&#8220;]Ger\u00e4te &amp; Einrichtung[\/vc_custom_heading][\/vc_column_inner][vc_column_inner column_width_percent=&#8220;100&#8243; position_vertical=&#8220;middle&#8220; gutter_size=&#8220;3&#8243; override_padding=&#8220;yes&#8220; column_padding=&#8220;2&#8243; overlay_alpha=&#8220;50&#8243; shift_x=&#8220;0&#8243; shift_y=&#8220;0&#8243; shift_y_down=&#8220;0&#8243; z_index=&#8220;0&#8243; medium_width=&#8220;6&#8243; align_mobile=&#8220;align_center_mobile&#8220; mobile_width=&#8220;0&#8243; width=&#8220;9\/12&#8243;][vc_custom_heading text_color=&#8220;color-192520&#8243; text_size=&#8220;h1&#8243; text_weight=&#8220;200&#8243; text_italic=&#8220;yes&#8220;]Wlan oder Sp\u00fclmaschine&#8230; alles da ![\/vc_custom_heading][\/vc_column_inner][\/vc_row_inner][\/vc_column][\/vc_row][vc_row row_height_percent=&#8220;0&#8243; override_padding=&#8220;yes&#8220; h_padding=&#8220;2&#8243; top_padding=&#8220;0&#8243; bottom_padding=&#8220;0&#8243; overlay_alpha=&#8220;50&#8243; gutter_size=&#8220;3&#8243; column_width_percent=&#8220;100&#8243; shift_y=&#8220;0&#8243; z_index=&#8220;0&#8243;][vc_column column_width_use_pixel=&#8220;yes&#8220; gutter_size=&#8220;2&#8243; overlay_alpha=&#8220;50&#8243; shift_x=&#8220;0&#8243; shift_y=&#8220;0&#8243; shift_y_down=&#8220;0&#8243; z_index=&#8220;0&#8243; medium_width=&#8220;0&#8243; mobile_width=&#8220;0&#8243; width=&#8220;1\/1&#8243; column_width_pixel=&#8220;800&#8243;][vc_column_text text_lead=&#8220;yes&#8220; uncode_shortcode_id=&#8220;336578&#8243;]<strong>K\u00fcche:<\/strong> 3 K\u00fchlschr\u00e4nke (davon 2 mit Gefrierteilen), Geschirrsp\u00fcler, 2 Caf\u00e9maschinen, Toaster, Mikrowelle, Wasserkocher, 2 grosse Back\u00f6fen, 2 Raclette-Apparate, Mixer, Quirl&#8230;<\/p>\n<p><strong>Schlaf-und Badezimmer:<\/strong> 5 Duschen, 4 WC, Waschmaschine. Bettw\u00e4sche wird im Preis gestellt (die Betten sind \u00fcberzogen), Handt\u00fccher sind mitzubringen.<\/p>\n<p><strong>Babys:<\/strong> Babybett, Wickeltisch, Babybadewanne, Flaschenw\u00e4rmer, Hochstuhl<\/p>\n<p><strong>Rollstuhlfahrer:<\/strong> Ein Zimmer im Erdgeschoss und das Bad\/WC sind f\u00fcr Rollstuhlfahrer geeignet. F\u00fcr Esszimmer, Freizeitraum und Sauna haben wir kleine Rampen (1-2 Stufen); die T\u00fcren sind breit genug. Die Zimmer im Obergeschoss sind nur \u00fcber Treppen erreichbar.<\/p>\n<p><strong>Indoorfreizeit:<\/strong> Billard, kleiner Tischfussball (f\u00fcr Kinder), Sauna, Gesellschaftsspiele, grosser Fernseher mit Computeranschluss, Hifi mit Bluetooth, DVD-player<\/p>\n<p><strong>Outdoorfreizeit:<\/strong> grosse Wiese zum Spielen, Kinderspielplatz, Tischtennisplatte, Grillplatz (Grillkohle wird nicht gestellt), einige Boulekugeln<\/p>\n<p><strong>WLAN<\/strong>[\/vc_column_text][vc_empty_space empty_h=&#8220;2&#8243;][\/vc_column][\/vc_row][vc_row row_height_percent=&#8220;0&#8243; override_padding=&#8220;yes&#8220; h_padding=&#8220;2&#8243; top_padding=&#8220;0&#8243; bottom_padding=&#8220;2&#8243; overlay_alpha=&#8220;50&#8243; gutter_size=&#8220;3&#8243; column_width_percent=&#8220;100&#8243; shift_y=&#8220;0&#8243; z_index=&#8220;0&#8243;][vc_column column_width_use_pixel=&#8220;yes&#8220; gutter_size=&#8220;3&#8243; font_family=&#8220;font-202503&#8243; overlay_alpha=&#8220;50&#8243; shift_x=&#8220;0&#8243; shift_y=&#8220;0&#8243; shift_y_down=&#8220;0&#8243; z_index=&#8220;0&#8243; medium_width=&#8220;0&#8243; align_mobile=&#8220;align_center_mobile&#8220; mobile_width=&#8220;0&#8243; width=&#8220;1\/1&#8243; column_width_pixel=&#8220;800&#8243;][vc_row_inner][vc_column_inner column_width_percent=&#8220;100&#8243; align_horizontal=&#8220;align_center&#8220; gutter_size=&#8220;2&#8243; overlay_alpha=&#8220;50&#8243; shift_x=&#8220;0&#8243; shift_y=&#8220;0&#8243; shift_y_down=&#8220;0&#8243; z_index=&#8220;0&#8243; medium_width=&#8220;0&#8243; mobile_width=&#8220;0&#8243; width=&#8220;1\/1&#8243;][vc_separator sep_color=&#8220;,Default&#8220; el_width=&#8220;50%&#8220;][vc_custom_heading heading_semantic=&#8220;h1&#8243; text_size=&#8220;h1&#8243; text_weight=&#8220;300&#8243;]Ger\u00e4te &amp; Einrichtung[\/vc_custom_heading][\/vc_column_inner][\/vc_row_inner][\/vc_column][\/vc_row][vc_row row_height_percent=&#8220;0&#8243; override_padding=&#8220;yes&#8220; h_padding=&#8220;2&#8243; top_padding=&#8220;2&#8243; bottom_padding=&#8220;4&#8243; overlay_alpha=&#8220;50&#8243; gutter_size=&#8220;3&#8243; column_width_percent=&#8220;100&#8243; shift_y=&#8220;0&#8243; z_index=&#8220;0&#8243;][vc_column width=&#8220;1\/1&#8243;][vc_gallery el_id=&#8220;gallery-1514825&#8243; isotope_mode=&#8220;fitRows&#8220; medias=&#8220;73701,73698,73695,73692,73689,73686,73671,73677,73465,73789,73786,73756,74141,74111,74117,73366,73441,73161,73140,73143,73137,73402&#8243; gutter_size=&#8220;2&#8243; screen_lg=&#8220;480&#8243; screen_md=&#8220;480&#8243; screen_sm=&#8220;200&#8243; single_width=&#8220;3&#8243; images_size=&#8220;one-one&#8220; single_overlay_opacity=&#8220;50&#8243; single_image_anim=&#8220;no&#8220; single_h_align=&#8220;center&#8220; single_padding=&#8220;2&#8243; single_icon=&#8220;fa fa-plus2&#8243; single_border=&#8220;yes&#8220; items=&#8220;eyI1NjY4OF9pIjp7InNpbmdsZV9pY29uIjoiIiwic2luZ2xlX3dpZHRoIjoiMTIiLCJpbWFnZXNfc2l6ZSI6InNpeHRlZW4tbmluZSJ9LCI1ODQ3MF9pIjp7InNpbmdsZV93aWR0aCI6IjEyIiwiaW1hZ2VzX3NpemUiOiJmb3VyLXRocmVlIn19&#8243;][\/vc_column][\/vc_row]<\/p>\n<\/div>","protected":false},"excerpt":{"rendered":"<p>[vc_row row_height_percent=&#8220;0&#8243; override_padding=&#8220;yes&#8220; h_padding=&#8220;2&#8243; top_padding=&#8220;0&#8243; bottom_padding=&#8220;0&#8243; overlay_alpha=&#8220;50&#8243; gutter_size=&#8220;3&#8243; column_width_percent=&#8220;100&#8243; shift_y=&#8220;0&#8243; z_index=&#8220;0&#8243;][vc_column column_width_percent=&#8220;100&#8243; gutter_size=&#8220;3&#8243; override_padding=&#8220;yes&#8220; column_padding=&#8220;3&#8243; back_color=&#8220;color-xsdn&#8220; overlay_alpha=&#8220;50&#8243; shift_x=&#8220;0&#8243; shift_y=&#8220;-4&#8243; shift_y_fixed=&#8220;yes&#8220; [&hellip;]<\/p>\n","protected":false},"author":1,"featured_media":0,"parent":73858,"menu_order":0,"comment_status":"closed","ping_status":"closed","template":"","meta":{"footnotes":""},"class_list":["post-73900","page","type-page","status-publish","hentry"],"_links":{"self":[{"href":"https:\/\/www.gitekalinka.fr\/de\/wp-json\/wp\/v2\/pages\/73900","targetHints":{"allow":["GET"]}}],"collection":[{"href":"https:\/\/www.gitekalinka.fr\/de\/wp-json\/wp\/v2\/pages"}],"about":[{"href":"https:\/\/www.gitekalinka.fr\/de\/wp-json\/wp\/v2\/types\/page"}],"author":[{"embeddable":true,"href":"https:\/\/www.gitekalinka.fr\/de\/wp-json\/wp\/v2\/users\/1"}],"replies":[{"embeddable":true,"href":"https:\/\/www.gitekalinka.fr\/de\/wp-json\/wp\/v2\/comments?post=73900"}],"version-history":[{"count":5,"href":"https:\/\/www.gitekalinka.fr\/de\/wp-json\/wp\/v2\/pages\/73900\/revisions"}],"predecessor-version":[{"id":74329,"href":"https:\/\/www.gitekalinka.fr\/de\/wp-json\/wp\/v2\/pages\/73900\/revisions\/74329"}],"up":[{"embeddable":true,"href":"https:\/\/www.gitekalinka.fr\/de\/wp-json\/wp\/v2\/pages\/73858"}],"wp:attachment":[{"href":"https:\/\/www.gitekalinka.fr\/de\/wp-json\/wp\/v2\/media?parent=73900"}],"curies":[{"name":"wp","href":"https:\/\/api.w.org\/{rel}","templated":true}]}}